{"id":10522,"date":"2022-09-09T13:47:13","date_gmt":"2022-09-09T11:47:13","guid":{"rendered":"https:\/\/blog.der-digitalisierungsberater.de\/imprint\/"},"modified":"2026-05-04T11:03:07","modified_gmt":"2026-05-04T09:03:07","slug":"imprint","status":"publish","type":"page","link":"https:\/\/blog.der-digitalisierungsberater.de\/en\/imprint\/","title":{"rendered":"Imprint"},"content":{"rendered":"<section class=\"l-section wpb_row height_medium\"><div class=\"l-section-h i-cf\"><div class=\"g-cols vc_row via_grid cols_custom laptops-cols_inherit tablets-cols_inherit mobiles-cols_1 valign_top type_default stacking_default\"><\/div><\/div><\/section><div class=\"wpb_column vc_column_container\"><div class=\"vc_column-inner\"><\/div><\/div><div class=\"wpb_text_column\"><div class=\"wpb_wrapper\"><\/div><\/div>\n<h1>Imprint<\/h1>\n<h2>Information in accordance with Section 5 TMG<\/h2>\n<p>Christoph Gro\u00df<br \/>\nSupply Chain Competence Center &#8211; Gro\u00df &amp; Partner<br \/>\nHundsweihers\u00e4gem\u00fchle 1<\/p>\n<p>67714 Heltersberg<\/p>\n<h2>Contact<\/h2>\n<p>Phone: +49-151-22345659<br \/>\nEmail: scc-info@scc-center.de<\/p>\n<h2>VAT ID<\/h2>\n<p>VAT identification number in accordance with Section 27a of the German VAT Act:<br \/>\nDE243563718<\/p>\n<p><strong>Image sources:<\/strong> own images, Shutterstock (purchased) or Unsplash (free)<\/p>\n<h2>Information on professional liability insurance<\/h2>\n<p><strong>Name and registered office of the insurer:<\/strong><br \/>\nHiscox Europe Underwriting Limited<br \/>\nBranch office for the Federal Republic of Germany<br \/>\nGeneral Representative: Robert Dietrich<br \/>\nArnulfstra\u00dfe 31<br \/>\n80636 Munich<\/p>\n<p><strong>Territorial scope of insurance:<\/strong><br \/>\nWorldwide<\/p>\n<h2>Editorially responsible<\/h2>\n<p>Christoph Gro\u00df<br \/>\nHundsweiher S\u00e4gem\u00fchle 1<br \/>\n67714 Heltersberg<\/p>\n<h2>Consumer dispute resolution\/Universal arbitration board<\/h2>\n<p>We are not willing or obligated to participate in dispute resolution proceedings before a consumer arbitration board.<\/p>\n","protected":false},"excerpt":{"rendered":"<p>Imprint Information in accordance with Section 5 TMG Christoph Gro\u00df Supply Chain Competence Center &#8211; Gro\u00df &amp; Partner Hundsweihers\u00e4gem\u00fchle 1 67714 Heltersberg Contact Phone: +49-151-22345659 Email: scc-info@scc-center.de VAT ID VAT identification number in accordance with Section 27a of the German VAT Act: DE243563718 Image sources: own images, Shutterstock (purchased) or Unsplash (free) Information on professional&#8230;<\/p>\n","protected":false},"author":1,"featured_media":0,"parent":0,"menu_order":0,"comment_status":"closed","ping_status":"closed","template":"","meta":{"footnotes":""},"class_list":["post-10522","page","type-page","status-publish","hentry"],"_links":{"self":[{"href":"https:\/\/blog.der-digitalisierungsberater.de\/en\/wp-json\/wp\/v2\/pages\/10522","targetHints":{"allow":["GET"]}}],"collection":[{"href":"https:\/\/blog.der-digitalisierungsberater.de\/en\/wp-json\/wp\/v2\/pages"}],"about":[{"href":"https:\/\/blog.der-digitalisierungsberater.de\/en\/wp-json\/wp\/v2\/types\/page"}],"author":[{"embeddable":true,"href":"https:\/\/blog.der-digitalisierungsberater.de\/en\/wp-json\/wp\/v2\/users\/1"}],"replies":[{"embeddable":true,"href":"https:\/\/blog.der-digitalisierungsberater.de\/en\/wp-json\/wp\/v2\/comments?post=10522"}],"version-history":[{"count":1,"href":"https:\/\/blog.der-digitalisierungsberater.de\/en\/wp-json\/wp\/v2\/pages\/10522\/revisions"}],"predecessor-version":[{"id":10525,"href":"https:\/\/blog.der-digitalisierungsberater.de\/en\/wp-json\/wp\/v2\/pages\/10522\/revisions\/10525"}],"wp:attachment":[{"href":"https:\/\/blog.der-digitalisierungsberater.de\/en\/wp-json\/wp\/v2\/media?parent=10522"}],"curies":[{"name":"wp","href":"https:\/\/api.w.org\/{rel}","templated":true}]}}